{"id":2679,"date":"2025-04-04T16:05:51","date_gmt":"2025-04-04T16:05:51","guid":{"rendered":"https:\/\/laconsultaquiroalicante.es\/?page_id=2679"},"modified":"2026-01-25T12:02:44","modified_gmt":"2026-01-25T12:02:44","slug":"pedir-cita","status":"publish","type":"page","link":"https:\/\/laconsultaquiroalicante.es\/en\/pedir-cita\/","title":{"rendered":"Request an Appointment"},"content":{"rendered":"<div data-elementor-type=\"wp-page\" data-elementor-id=\"2679\" class=\"elementor elementor-2679\">\n\t\t\t\t<div class=\"elementor-element elementor-element-ad686d6 elementor-hidden-mobile e-flex e-con-boxed e-con e-parent\" data-id=\"ad686d6\" data-element_type=\"container\" data-e-type=\"container\" data-settings=\"{&quot;background_background&quot;:&quot;classic&quot;}\">\n\t\t\t\t\t<div class=\"e-con-inner\">\n\t\t<div class=\"elementor-element elementor-element-b87d025 e-con-full e-flex e-con e-child\" data-id=\"b87d025\" data-element_type=\"container\" data-e-type=\"container\">\n\t\t\t\t<\/div>\n\t\t\t\t<div class=\"elementor-element elementor-element-2cfe7b0 elementor-widget elementor-widget-heading\" data-id=\"2cfe7b0\" data-element_type=\"widget\" data-e-type=\"widget\" data-widget_type=\"heading.default\">\n\t\t\t\t<div class=\"elementor-widget-container\">\n\t\t\t\t\t<h2 class=\"elementor-heading-title elementor-size-default\">Select a chiropractor <\/h2>\t\t\t\t<\/div>\n\t\t\t\t<\/div>\n\t\t\t\t<div class=\"elementor-element elementor-element-86e706d elementor-widget elementor-widget-text-editor\" data-id=\"86e706d\" data-element_type=\"widget\" data-e-type=\"widget\" data-widget_type=\"text-editor.default\">\n\t\t\t\t<div class=\"elementor-widget-container\">\n\t\t\t\t\t\t\t\t\t<p>Make an appointment directly with Arnaud or Annabelle.<\/p><p>By clicking on the button, you will be redirected to the online diary on Doctoralia.<\/p>\t\t\t\t\t\t\t\t<\/div>\n\t\t\t\t<\/div>\n\t\t<div class=\"elementor-element elementor-element-b7f1cd6 e-grid e-con-full e-con e-child\" data-id=\"b7f1cd6\" data-element_type=\"container\" data-e-type=\"container\">\n\t\t\t\t<div class=\"elementor-element elementor-element-4fb754a elementor-widget elementor-widget-image\" data-id=\"4fb754a\" data-element_type=\"widget\" data-e-type=\"widget\" data-widget_type=\"image.default\">\n\t\t\t\t<div class=\"elementor-widget-container\">\n\t\t\t\t\t\t\t\t\t\t\t\t<figure class=\"wp-caption\">\n\t\t\t\t\t\t\t\t\t\t<img fetchpriority=\"high\" decoding=\"async\" width=\"1347\" height=\"1630\" src=\"https:\/\/laconsultaquiroalicante.es\/wp-content\/uploads\/2025\/04\/ArnaudPideCita-1.jpg\" class=\"attachment-full size-full wp-image-2701\" alt=\"\" srcset=\"https:\/\/laconsultaquiroalicante.es\/wp-content\/uploads\/2025\/04\/ArnaudPideCita-1.jpg 1347w, https:\/\/laconsultaquiroalicante.es\/wp-content\/uploads\/2025\/04\/ArnaudPideCita-1-248x300.jpg 248w, https:\/\/laconsultaquiroalicante.es\/wp-content\/uploads\/2025\/04\/ArnaudPideCita-1-846x1024.jpg 846w, https:\/\/laconsultaquiroalicante.es\/wp-content\/uploads\/2025\/04\/ArnaudPideCita-1-768x929.jpg 768w, https:\/\/laconsultaquiroalicante.es\/wp-content\/uploads\/2025\/04\/ArnaudPideCita-1-1269x1536.jpg 1269w\" sizes=\"(max-width: 1347px) 100vw, 1347px\" \/>\t\t\t\t\t\t\t\t\t\t\t<figcaption class=\"widget-image-caption wp-caption-text\"><\/figcaption>\n\t\t\t\t\t\t\t\t\t\t<\/figure>\n\t\t\t\t\t\t\t\t\t<\/div>\n\t\t\t\t<\/div>\n\t\t\t\t<div class=\"elementor-element elementor-element-dbf755b elementor-widget elementor-widget-image\" data-id=\"dbf755b\" data-element_type=\"widget\" data-e-type=\"widget\" data-widget_type=\"image.default\">\n\t\t\t\t<div class=\"elementor-widget-container\">\n\t\t\t\t\t\t\t\t\t\t\t\t<figure class=\"wp-caption\">\n\t\t\t\t\t\t\t\t\t\t<img decoding=\"async\" width=\"2082\" height=\"2560\" src=\"https:\/\/laconsultaquiroalicante.es\/wp-content\/uploads\/2025\/04\/4-copie-1-scaled.jpeg\" class=\"attachment-full size-full wp-image-2706\" alt=\"\" srcset=\"https:\/\/laconsultaquiroalicante.es\/wp-content\/uploads\/2025\/04\/4-copie-1-scaled.jpeg 2082w, https:\/\/laconsultaquiroalicante.es\/wp-content\/uploads\/2025\/04\/4-copie-1-244x300.jpeg 244w, https:\/\/laconsultaquiroalicante.es\/wp-content\/uploads\/2025\/04\/4-copie-1-833x1024.jpeg 833w, https:\/\/laconsultaquiroalicante.es\/wp-content\/uploads\/2025\/04\/4-copie-1-768x944.jpeg 768w, https:\/\/laconsultaquiroalicante.es\/wp-content\/uploads\/2025\/04\/4-copie-1-1249x1536.jpeg 1249w, https:\/\/laconsultaquiroalicante.es\/wp-content\/uploads\/2025\/04\/4-copie-1-1666x2048.jpeg 1666w\" sizes=\"(max-width: 2082px) 100vw, 2082px\" \/>\t\t\t\t\t\t\t\t\t\t\t<figcaption class=\"widget-image-caption wp-caption-text\"><\/figcaption>\n\t\t\t\t\t\t\t\t\t\t<\/figure>\n\t\t\t\t\t\t\t\t\t<\/div>\n\t\t\t\t<\/div>\n\t\t\t\t<div class=\"elementor-element elementor-element-f261262 elementor-widget elementor-widget-button\" data-id=\"f261262\" data-element_type=\"widget\" data-e-type=\"widget\" data-widget_type=\"button.default\">\n\t\t\t\t<div class=\"elementor-widget-container\">\n\t\t\t\t\t\t\t\t\t<div class=\"elementor-button-wrapper\">\n\t\t\t\t\t<a class=\"elementor-button elementor-button-link elementor-size-sm\" href=\"https:\/\/www.doctoralia.es\/arnaud-berveglieri\/quiropractico\/alicante-2\" target=\"_blank\">\n\t\t\t\t\t\t<span class=\"elementor-button-content-wrapper\">\n\t\t\t\t\t\t\t\t\t<span class=\"elementor-button-text\">Make an appointment with Arnaud<\/span>\n\t\t\t\t\t<\/span>\n\t\t\t\t\t<\/a>\n\t\t\t\t<\/div>\n\t\t\t\t\t\t\t\t<\/div>\n\t\t\t\t<\/div>\n\t\t\t\t<div class=\"elementor-element elementor-element-220bd60 elementor-widget elementor-widget-button\" data-id=\"220bd60\" data-element_type=\"widget\" data-e-type=\"widget\" data-widget_type=\"button.default\">\n\t\t\t\t<div class=\"elementor-widget-container\">\n\t\t\t\t\t\t\t\t\t<div class=\"elementor-button-wrapper\">\n\t\t\t\t\t<a class=\"elementor-button elementor-button-link elementor-size-sm\" href=\"https:\/\/www.doctoralia.es\/annabelle-gerrard\/quiropractico\/alicante-2\" target=\"_blank\">\n\t\t\t\t\t\t<span class=\"elementor-button-content-wrapper\">\n\t\t\t\t\t\t\t\t\t<span class=\"elementor-button-text\">Make an appointment with Annabelle<\/span>\n\t\t\t\t\t<\/span>\n\t\t\t\t\t<\/a>\n\t\t\t\t<\/div>\n\t\t\t\t\t\t\t\t<\/div>\n\t\t\t\t<\/div>\n\t\t\t\t<\/div>\n\t\t<div class=\"elementor-element elementor-element-952550e e-con-full e-flex e-con e-child\" data-id=\"952550e\" data-element_type=\"container\" data-e-type=\"container\">\n\t\t\t\t<\/div>\n\t\t\t\t\t<\/div>\n\t\t\t\t<\/div>\n\t\t<div class=\"elementor-element elementor-element-e0b4bd8 elementor-hidden-desktop elementor-hidden-tablet e-flex e-con-boxed e-con e-parent\" data-id=\"e0b4bd8\" data-element_type=\"container\" data-e-type=\"container\" data-settings=\"{&quot;background_background&quot;:&quot;classic&quot;}\">\n\t\t\t\t\t<div class=\"e-con-inner\">\n\t\t<div class=\"elementor-element elementor-element-5a3a4c5 e-con-full e-flex e-con e-child\" data-id=\"5a3a4c5\" data-element_type=\"container\" data-e-type=\"container\">\n\t\t\t\t<\/div>\n\t\t\t\t<div class=\"elementor-element elementor-element-5fe9dc1 elementor-widget elementor-widget-heading\" data-id=\"5fe9dc1\" data-element_type=\"widget\" data-e-type=\"widget\" data-widget_type=\"heading.default\">\n\t\t\t\t<div class=\"elementor-widget-container\">\n\t\t\t\t\t<h2 class=\"elementor-heading-title elementor-size-default\">Select a chiropractor<\/h2>\t\t\t\t<\/div>\n\t\t\t\t<\/div>\n\t\t\t\t<div class=\"elementor-element elementor-element-909608f elementor-widget elementor-widget-text-editor\" data-id=\"909608f\" data-element_type=\"widget\" data-e-type=\"widget\" data-widget_type=\"text-editor.default\">\n\t\t\t\t<div class=\"elementor-widget-container\">\n\t\t\t\t\t\t\t\t\t<p>Make an appointment directly with Arnaud or Annabelle.<\/p><p>By clicking on the button, you will be redirected to the online diary on Doctoralia.<\/p>\t\t\t\t\t\t\t\t<\/div>\n\t\t\t\t<\/div>\n\t\t<div class=\"elementor-element elementor-element-f843466 e-grid e-con-full e-con e-child\" data-id=\"f843466\" data-element_type=\"container\" data-e-type=\"container\">\n\t\t\t\t<div class=\"elementor-element elementor-element-baba31a elementor-widget elementor-widget-image\" data-id=\"baba31a\" data-element_type=\"widget\" data-e-type=\"widget\" data-widget_type=\"image.default\">\n\t\t\t\t<div class=\"elementor-widget-container\">\n\t\t\t\t\t\t\t\t\t\t\t\t<figure class=\"wp-caption\">\n\t\t\t\t\t\t\t\t\t\t<img fetchpriority=\"high\" decoding=\"async\" width=\"1347\" height=\"1630\" src=\"https:\/\/laconsultaquiroalicante.es\/wp-content\/uploads\/2025\/04\/ArnaudPideCita-1.jpg\" class=\"attachment-full size-full wp-image-2701\" alt=\"\" srcset=\"https:\/\/laconsultaquiroalicante.es\/wp-content\/uploads\/2025\/04\/ArnaudPideCita-1.jpg 1347w, https:\/\/laconsultaquiroalicante.es\/wp-content\/uploads\/2025\/04\/ArnaudPideCita-1-248x300.jpg 248w, https:\/\/laconsultaquiroalicante.es\/wp-content\/uploads\/2025\/04\/ArnaudPideCita-1-846x1024.jpg 846w, https:\/\/laconsultaquiroalicante.es\/wp-content\/uploads\/2025\/04\/ArnaudPideCita-1-768x929.jpg 768w, https:\/\/laconsultaquiroalicante.es\/wp-content\/uploads\/2025\/04\/ArnaudPideCita-1-1269x1536.jpg 1269w\" sizes=\"(max-width: 1347px) 100vw, 1347px\" \/>\t\t\t\t\t\t\t\t\t\t\t<figcaption class=\"widget-image-caption wp-caption-text\"><\/figcaption>\n\t\t\t\t\t\t\t\t\t\t<\/figure>\n\t\t\t\t\t\t\t\t\t<\/div>\n\t\t\t\t<\/div>\n\t\t\t\t<div class=\"elementor-element elementor-element-de8c96b elementor-widget elementor-widget-button\" data-id=\"de8c96b\" data-element_type=\"widget\" data-e-type=\"widget\" data-widget_type=\"button.default\">\n\t\t\t\t<div class=\"elementor-widget-container\">\n\t\t\t\t\t\t\t\t\t<div class=\"elementor-button-wrapper\">\n\t\t\t\t\t<a class=\"elementor-button elementor-button-link elementor-size-sm\" href=\"https:\/\/www.doctoralia.es\/arnaud-berveglieri\/quiropractico\/alicante-2\" target=\"_blank\">\n\t\t\t\t\t\t<span class=\"elementor-button-content-wrapper\">\n\t\t\t\t\t\t\t\t\t<span class=\"elementor-button-text\">Make an appointment with Arnaud<\/span>\n\t\t\t\t\t<\/span>\n\t\t\t\t\t<\/a>\n\t\t\t\t<\/div>\n\t\t\t\t\t\t\t\t<\/div>\n\t\t\t\t<\/div>\n\t\t\t\t<div class=\"elementor-element elementor-element-3b10c8f elementor-widget elementor-widget-image\" data-id=\"3b10c8f\" data-element_type=\"widget\" data-e-type=\"widget\" data-widget_type=\"image.default\">\n\t\t\t\t<div class=\"elementor-widget-container\">\n\t\t\t\t\t\t\t\t\t\t\t\t<figure class=\"wp-caption\">\n\t\t\t\t\t\t\t\t\t\t<img decoding=\"async\" width=\"2082\" height=\"2560\" src=\"https:\/\/laconsultaquiroalicante.es\/wp-content\/uploads\/2025\/04\/4-copie-1-scaled.jpeg\" class=\"attachment-full size-full wp-image-2706\" alt=\"\" srcset=\"https:\/\/laconsultaquiroalicante.es\/wp-content\/uploads\/2025\/04\/4-copie-1-scaled.jpeg 2082w, https:\/\/laconsultaquiroalicante.es\/wp-content\/uploads\/2025\/04\/4-copie-1-244x300.jpeg 244w, https:\/\/laconsultaquiroalicante.es\/wp-content\/uploads\/2025\/04\/4-copie-1-833x1024.jpeg 833w, https:\/\/laconsultaquiroalicante.es\/wp-content\/uploads\/2025\/04\/4-copie-1-768x944.jpeg 768w, https:\/\/laconsultaquiroalicante.es\/wp-content\/uploads\/2025\/04\/4-copie-1-1249x1536.jpeg 1249w, https:\/\/laconsultaquiroalicante.es\/wp-content\/uploads\/2025\/04\/4-copie-1-1666x2048.jpeg 1666w\" sizes=\"(max-width: 2082px) 100vw, 2082px\" \/>\t\t\t\t\t\t\t\t\t\t\t<figcaption class=\"widget-image-caption wp-caption-text\"><\/figcaption>\n\t\t\t\t\t\t\t\t\t\t<\/figure>\n\t\t\t\t\t\t\t\t\t<\/div>\n\t\t\t\t<\/div>\n\t\t\t\t<div class=\"elementor-element elementor-element-fdfa223 elementor-widget elementor-widget-button\" data-id=\"fdfa223\" data-element_type=\"widget\" data-e-type=\"widget\" data-widget_type=\"button.default\">\n\t\t\t\t<div class=\"elementor-widget-container\">\n\t\t\t\t\t\t\t\t\t<div class=\"elementor-button-wrapper\">\n\t\t\t\t\t<a class=\"elementor-button elementor-button-link elementor-size-sm\" href=\"https:\/\/www.doctoralia.es\/annabelle-gerrard\/quiropractico\/alicante-2#profile-reviews\">\n\t\t\t\t\t\t<span class=\"elementor-button-content-wrapper\">\n\t\t\t\t\t\t\t\t\t<span class=\"elementor-button-text\">Make an appointment with Annabelle<\/span>\n\t\t\t\t\t<\/span>\n\t\t\t\t\t<\/a>\n\t\t\t\t<\/div>\n\t\t\t\t\t\t\t\t<\/div>\n\t\t\t\t<\/div>\n\t\t\t\t<\/div>\n\t\t<div class=\"elementor-element elementor-element-0bba025 e-con-full e-flex e-con e-child\" data-id=\"0bba025\" data-element_type=\"container\" data-e-type=\"container\">\n\t\t\t\t<\/div>\n\t\t\t\t\t<\/div>\n\t\t\t\t<\/div>\n\t\t\t\t<\/div>","protected":false},"excerpt":{"rendered":"<p>Selecciona el quiropr\u00e1ctico Pide cita directamente con Arnaud o con Annabelle. Al hacer clic en el bot\u00f3n, se te redirigir\u00e1 a la agenda online en Doctoralia. Pide cita con Arnaud Pide cita con Annabelle Selecciona el quiropr\u00e1ctico Pide cita directamente con Arnaud o con Annabelle. Al hacer clic en el bot\u00f3n, se te redirigir\u00e1 a [&hellip;]<\/p>\n","protected":false},"author":1,"featured_media":0,"parent":0,"menu_order":0,"comment_status":"closed","ping_status":"closed","template":"elementor_canvas","meta":{"site-sidebar-layout":"no-sidebar","site-content-layout":"page-builder","ast-site-content-layout":"full-width-container","site-content-style":"default","site-sidebar-style":"default","ast-global-header-display":"","ast-banner-title-visibility":"","ast-main-header-display":"","ast-hfb-above-header-display":"","ast-hfb-below-header-display":"","ast-hfb-mobile-header-display":"","site-post-title":"disabled","ast-breadcrumbs-content":"","ast-featured-img":"disabled","footer-sml-layout":"","ast-disable-related-posts":"","theme-transparent-header-meta":"","adv-header-id-meta":"","stick-header-meta":"","header-above-stick-meta":"","header-main-stick-meta":"","header-below-stick-meta":"","astra-migrate-meta-layouts":"set","ast-page-background-enabled":"default","ast-page-background-meta":{"desktop":{"background-color":"var(--ast-global-color-4)","background-image":"","background-repeat":"repeat","background-position":"center center","background-size":"auto","background-attachment":"scroll","background-type":"","background-media":"","overlay-type":"","overlay-color":"","overlay-opacity":"","overlay-gradient":""},"tablet":{"background-color":"","background-image":"","background-repeat":"repeat","background-position":"center center","background-size":"auto","background-attachment":"scroll","background-type":"","background-media":"","overlay-type":"","overlay-color":"","overlay-opacity":"","overlay-gradient":""},"mobile":{"background-color":"","background-image":"","background-repeat":"repeat","background-position":"center center","background-size":"auto","background-attachment":"scroll","background-type":"","background-media":"","overlay-type":"","overlay-color":"","overlay-opacity":"","overlay-gradient":""}},"ast-content-background-meta":{"desktop":{"background-color":"var(--ast-global-color-5)","background-image":"","background-repeat":"repeat","background-position":"center center","background-size":"auto","background-attachment":"scroll","background-type":"","background-media":"","overlay-type":"","overlay-color":"","overlay-opacity":"","overlay-gradient":""},"tablet":{"background-color":"var(--ast-global-color-5)","background-image":"","background-repeat":"repeat","background-position":"center center","background-size":"auto","background-attachment":"scroll","background-type":"","background-media":"","overlay-type":"","overlay-color":"","overlay-opacity":"","overlay-gradient":""},"mobile":{"background-color":"var(--ast-global-color-5)","background-image":"","background-repeat":"repeat","background-position":"center center","background-size":"auto","background-attachment":"scroll","background-type":"","background-media":"","overlay-type":"","overlay-color":"","overlay-opacity":"","overlay-gradient":""}},"footnotes":""},"class_list":["post-2679","page","type-page","status-publish","hentry"],"yoast_head":"<!-- This site is optimized with the Yoast SEO plugin v27.3 - https:\/\/yoast.com\/product\/yoast-seo-wordpress\/ -->\n<title>Pedir Cita - La Consulta Quiropr\u00e1ctica<\/title>\n<meta name=\"robots\" content=\"index, follow, max-snippet:-1, max-image-preview:large, max-video-preview:-1\" \/>\n<link rel=\"canonical\" href=\"https:\/\/laconsultaquiroalicante.es\/en\/pedir-cita\/\" \/>\n<meta property=\"og:locale\" content=\"en_GB\" \/>\n<meta property=\"og:type\" content=\"article\" \/>\n<meta property=\"og:title\" content=\"Pedir Cita - La Consulta Quiropr\u00e1ctica\" \/>\n<meta property=\"og:description\" content=\"Selecciona el quiropr\u00e1ctico Pide cita directamente con Arnaud o con Annabelle. Al hacer clic en el bot\u00f3n, se te redirigir\u00e1 a la agenda online en Doctoralia. Pide cita con Arnaud Pide cita con Annabelle Selecciona el quiropr\u00e1ctico Pide cita directamente con Arnaud o con Annabelle. Al hacer clic en el bot\u00f3n, se te redirigir\u00e1 a [&hellip;]\" \/>\n<meta property=\"og:url\" content=\"https:\/\/laconsultaquiroalicante.es\/en\/pedir-cita\/\" \/>\n<meta property=\"og:site_name\" content=\"La Consulta Quiropr\u00e1ctica\" \/>\n<meta property=\"article:modified_time\" content=\"2026-01-25T12:02:44+00:00\" \/>\n<meta property=\"og:image\" content=\"https:\/\/laconsultaquiroalicante.es\/wp-content\/uploads\/2025\/04\/ArnaudPideCita-1.jpg\" \/>\n\t<meta property=\"og:image:width\" content=\"1347\" \/>\n\t<meta property=\"og:image:height\" content=\"1630\" \/>\n\t<meta property=\"og:image:type\" content=\"image\/jpeg\" \/>\n<meta name=\"twitter:card\" content=\"summary_large_image\" \/>\n<meta name=\"twitter:label1\" content=\"Estimated reading time\" \/>\n\t<meta name=\"twitter:data1\" content=\"2 minutes\" \/>\n<script type=\"application\/ld+json\" class=\"yoast-schema-graph\">{\"@context\":\"https:\\\/\\\/schema.org\",\"@graph\":[{\"@type\":\"WebPage\",\"@id\":\"https:\\\/\\\/laconsultaquiroalicante.es\\\/pedir-cita\\\/\",\"url\":\"https:\\\/\\\/laconsultaquiroalicante.es\\\/pedir-cita\\\/\",\"name\":\"Pedir Cita - La Consulta Quiropr\u00e1ctica\",\"isPartOf\":{\"@id\":\"https:\\\/\\\/laconsultaquiroalicante.es\\\/#website\"},\"primaryImageOfPage\":{\"@id\":\"https:\\\/\\\/laconsultaquiroalicante.es\\\/pedir-cita\\\/#primaryimage\"},\"image\":{\"@id\":\"https:\\\/\\\/laconsultaquiroalicante.es\\\/pedir-cita\\\/#primaryimage\"},\"thumbnailUrl\":\"https:\\\/\\\/laconsultaquiroalicante.es\\\/wp-content\\\/uploads\\\/2025\\\/04\\\/ArnaudPideCita-1.jpg\",\"datePublished\":\"2025-04-04T16:05:51+00:00\",\"dateModified\":\"2026-01-25T12:02:44+00:00\",\"breadcrumb\":{\"@id\":\"https:\\\/\\\/laconsultaquiroalicante.es\\\/pedir-cita\\\/#breadcrumb\"},\"inLanguage\":\"en-GB\",\"potentialAction\":[{\"@type\":\"ReadAction\",\"target\":[\"https:\\\/\\\/laconsultaquiroalicante.es\\\/pedir-cita\\\/\"]}]},{\"@type\":\"ImageObject\",\"inLanguage\":\"en-GB\",\"@id\":\"https:\\\/\\\/laconsultaquiroalicante.es\\\/pedir-cita\\\/#primaryimage\",\"url\":\"https:\\\/\\\/laconsultaquiroalicante.es\\\/wp-content\\\/uploads\\\/2025\\\/04\\\/ArnaudPideCita-1.jpg\",\"contentUrl\":\"https:\\\/\\\/laconsultaquiroalicante.es\\\/wp-content\\\/uploads\\\/2025\\\/04\\\/ArnaudPideCita-1.jpg\"},{\"@type\":\"BreadcrumbList\",\"@id\":\"https:\\\/\\\/laconsultaquiroalicante.es\\\/pedir-cita\\\/#breadcrumb\",\"itemListElement\":[{\"@type\":\"ListItem\",\"position\":1,\"name\":\"Portada\",\"item\":\"https:\\\/\\\/laconsultaquiroalicante.es\\\/\"},{\"@type\":\"ListItem\",\"position\":2,\"name\":\"Pedir Cita\"}]},{\"@type\":\"WebSite\",\"@id\":\"https:\\\/\\\/laconsultaquiroalicante.es\\\/#website\",\"url\":\"https:\\\/\\\/laconsultaquiroalicante.es\\\/\",\"name\":\"La Consulta Quiropr\u00e1ctica\",\"description\":\"Quiropr\u00e1cticos en Alicante\",\"publisher\":{\"@id\":\"https:\\\/\\\/laconsultaquiroalicante.es\\\/#organization\"},\"potentialAction\":[{\"@type\":\"SearchAction\",\"target\":{\"@type\":\"EntryPoint\",\"urlTemplate\":\"https:\\\/\\\/laconsultaquiroalicante.es\\\/?s={search_term_string}\"},\"query-input\":{\"@type\":\"PropertyValueSpecification\",\"valueRequired\":true,\"valueName\":\"search_term_string\"}}],\"inLanguage\":\"en-GB\"},{\"@type\":\"Organization\",\"@id\":\"https:\\\/\\\/laconsultaquiroalicante.es\\\/#organization\",\"name\":\"La Consulta Quiropr\u00e1ctica\",\"url\":\"https:\\\/\\\/laconsultaquiroalicante.es\\\/\",\"logo\":{\"@type\":\"ImageObject\",\"inLanguage\":\"en-GB\",\"@id\":\"https:\\\/\\\/laconsultaquiroalicante.es\\\/#\\\/schema\\\/logo\\\/image\\\/\",\"url\":\"https:\\\/\\\/laconsultaquiroalicante.es\\\/wp-content\\\/uploads\\\/2024\\\/11\\\/LCQ-Screen_Black.png\",\"contentUrl\":\"https:\\\/\\\/laconsultaquiroalicante.es\\\/wp-content\\\/uploads\\\/2024\\\/11\\\/LCQ-Screen_Black.png\",\"width\":1182,\"height\":376,\"caption\":\"La Consulta Quiropr\u00e1ctica\"},\"image\":{\"@id\":\"https:\\\/\\\/laconsultaquiroalicante.es\\\/#\\\/schema\\\/logo\\\/image\\\/\"},\"sameAs\":[\"https:\\\/\\\/www.instagram.com\\\/laconsultaquiropractica\\\/\"]}]}<\/script>\n<!-- \/ Yoast SEO plugin. -->","yoast_head_json":{"title":"Pedir Cita - La Consulta Quiropr\u00e1ctica","robots":{"index":"index","follow":"follow","max-snippet":"max-snippet:-1","max-image-preview":"max-image-preview:large","max-video-preview":"max-video-preview:-1"},"canonical":"https:\/\/laconsultaquiroalicante.es\/en\/pedir-cita\/","og_locale":"en_GB","og_type":"article","og_title":"Pedir Cita - La Consulta Quiropr\u00e1ctica","og_description":"Selecciona el quiropr\u00e1ctico Pide cita directamente con Arnaud o con Annabelle. Al hacer clic en el bot\u00f3n, se te redirigir\u00e1 a la agenda online en Doctoralia. Pide cita con Arnaud Pide cita con Annabelle Selecciona el quiropr\u00e1ctico Pide cita directamente con Arnaud o con Annabelle. Al hacer clic en el bot\u00f3n, se te redirigir\u00e1 a [&hellip;]","og_url":"https:\/\/laconsultaquiroalicante.es\/en\/pedir-cita\/","og_site_name":"La Consulta Quiropr\u00e1ctica","article_modified_time":"2026-01-25T12:02:44+00:00","og_image":[{"width":1347,"height":1630,"url":"https:\/\/laconsultaquiroalicante.es\/wp-content\/uploads\/2025\/04\/ArnaudPideCita-1.jpg","type":"image\/jpeg"}],"twitter_card":"summary_large_image","twitter_misc":{"Estimated reading time":"2 minutes"},"schema":{"@context":"https:\/\/schema.org","@graph":[{"@type":"WebPage","@id":"https:\/\/laconsultaquiroalicante.es\/pedir-cita\/","url":"https:\/\/laconsultaquiroalicante.es\/pedir-cita\/","name":"Pedir Cita - La Consulta Quiropr\u00e1ctica","isPartOf":{"@id":"https:\/\/laconsultaquiroalicante.es\/#website"},"primaryImageOfPage":{"@id":"https:\/\/laconsultaquiroalicante.es\/pedir-cita\/#primaryimage"},"image":{"@id":"https:\/\/laconsultaquiroalicante.es\/pedir-cita\/#primaryimage"},"thumbnailUrl":"https:\/\/laconsultaquiroalicante.es\/wp-content\/uploads\/2025\/04\/ArnaudPideCita-1.jpg","datePublished":"2025-04-04T16:05:51+00:00","dateModified":"2026-01-25T12:02:44+00:00","breadcrumb":{"@id":"https:\/\/laconsultaquiroalicante.es\/pedir-cita\/#breadcrumb"},"inLanguage":"en-GB","potentialAction":[{"@type":"ReadAction","target":["https:\/\/laconsultaquiroalicante.es\/pedir-cita\/"]}]},{"@type":"ImageObject","inLanguage":"en-GB","@id":"https:\/\/laconsultaquiroalicante.es\/pedir-cita\/#primaryimage","url":"https:\/\/laconsultaquiroalicante.es\/wp-content\/uploads\/2025\/04\/ArnaudPideCita-1.jpg","contentUrl":"https:\/\/laconsultaquiroalicante.es\/wp-content\/uploads\/2025\/04\/ArnaudPideCita-1.jpg"},{"@type":"BreadcrumbList","@id":"https:\/\/laconsultaquiroalicante.es\/pedir-cita\/#breadcrumb","itemListElement":[{"@type":"ListItem","position":1,"name":"Portada","item":"https:\/\/laconsultaquiroalicante.es\/"},{"@type":"ListItem","position":2,"name":"Pedir Cita"}]},{"@type":"WebSite","@id":"https:\/\/laconsultaquiroalicante.es\/#website","url":"https:\/\/laconsultaquiroalicante.es\/","name":"The Chiropractic Clinic","description":"Chiropractors in Alicante","publisher":{"@id":"https:\/\/laconsultaquiroalicante.es\/#organization"},"potentialAction":[{"@type":"SearchAction","target":{"@type":"EntryPoint","urlTemplate":"https:\/\/laconsultaquiroalicante.es\/?s={search_term_string}"},"query-input":{"@type":"PropertyValueSpecification","valueRequired":true,"valueName":"search_term_string"}}],"inLanguage":"en-GB"},{"@type":"Organization","@id":"https:\/\/laconsultaquiroalicante.es\/#organization","name":"The Chiropractic Clinic","url":"https:\/\/laconsultaquiroalicante.es\/","logo":{"@type":"ImageObject","inLanguage":"en-GB","@id":"https:\/\/laconsultaquiroalicante.es\/#\/schema\/logo\/image\/","url":"https:\/\/laconsultaquiroalicante.es\/wp-content\/uploads\/2024\/11\/LCQ-Screen_Black.png","contentUrl":"https:\/\/laconsultaquiroalicante.es\/wp-content\/uploads\/2024\/11\/LCQ-Screen_Black.png","width":1182,"height":376,"caption":"La Consulta Quiropr\u00e1ctica"},"image":{"@id":"https:\/\/laconsultaquiroalicante.es\/#\/schema\/logo\/image\/"},"sameAs":["https:\/\/www.instagram.com\/laconsultaquiropractica\/"]}]}},"_links":{"self":[{"href":"https:\/\/laconsultaquiroalicante.es\/en\/wp-json\/wp\/v2\/pages\/2679","targetHints":{"allow":["GET"]}}],"collection":[{"href":"https:\/\/laconsultaquiroalicante.es\/en\/wp-json\/wp\/v2\/pages"}],"about":[{"href":"https:\/\/laconsultaquiroalicante.es\/en\/wp-json\/wp\/v2\/types\/page"}],"author":[{"embeddable":true,"href":"https:\/\/laconsultaquiroalicante.es\/en\/wp-json\/wp\/v2\/users\/1"}],"replies":[{"embeddable":true,"href":"https:\/\/laconsultaquiroalicante.es\/en\/wp-json\/wp\/v2\/comments?post=2679"}],"version-history":[{"count":128,"href":"https:\/\/laconsultaquiroalicante.es\/en\/wp-json\/wp\/v2\/pages\/2679\/revisions"}],"predecessor-version":[{"id":4572,"href":"https:\/\/laconsultaquiroalicante.es\/en\/wp-json\/wp\/v2\/pages\/2679\/revisions\/4572"}],"wp:attachment":[{"href":"https:\/\/laconsultaquiroalicante.es\/en\/wp-json\/wp\/v2\/media?parent=2679"}],"curies":[{"name":"wp","href":"https:\/\/api.w.org\/{rel}","templated":true}]}}